{"id":2665,"date":"2025-12-03T04:09:24","date_gmt":"2025-12-03T04:09:24","guid":{"rendered":"http:\/\/www.ceccan.com.mx\/?page_id=2665"},"modified":"2025-12-03T04:15:40","modified_gmt":"2025-12-03T04:15:40","slug":"versiones","status":"publish","type":"page","link":"https:\/\/www.ceccan.com.mx\/en\/versiones\/","title":{"rendered":"versiones"},"content":{"rendered":"<div data-elementor-type=\"wp-page\" data-elementor-id=\"2665\" class=\"elementor elementor-2665\" data-elementor-post-type=\"page\">\n\t\t\t\t<div class=\"elementor-element elementor-element-dfa5cdb e-grid e-con-boxed e-con e-parent\" data-id=\"dfa5cdb\" data-element_type=\"container\" data-e-type=\"container\">\n\t\t\t\t\t<div class=\"e-con-inner\">\n\t\t\t\t<div class=\"elementor-element elementor-element-ceaebfc elementor-widget elementor-widget-text-editor\" data-id=\"ceaebfc\" data-element_type=\"widget\" data-e-type=\"widget\" data-widget_type=\"text-editor.default\">\n\t\t\t\t<div class=\"elementor-widget-container\">\n\t\t\t\t\t\t\t\t\t<ul><li>Publicaci\u00f3n sitio nuevo 08 de\u00a0 noviembre 2024<\/li><li>Correcci\u00f3n formulario &#8220;contacto&#8221;, adici\u00f3n de captcha 19 de enero 2025<\/li><li>Adici\u00f3n de TAG de google 07 de Abril 2025<\/li><\/ul>\t\t\t\t\t\t\t\t<\/div>\n\t\t\t\t<\/div>\n\t\t\t\t\t<\/div>\n\t\t\t\t<\/div>\n\t\t\t\t<\/div>","protected":false},"excerpt":{"rendered":"<p>Publicaci\u00f3n sitio nuevo 08 de\u00a0 noviembre 2024 Correcci\u00f3n formulario &#8220;contacto&#8221;, adici\u00f3n de captcha 19 de enero 2025 Adici\u00f3n de TAG de google 07 de Abril 2025<\/p>","protected":false},"author":1,"featured_media":0,"parent":0,"menu_order":0,"comment_status":"closed","ping_status":"closed","template":"","meta":{"footnotes":""},"class_list":["post-2665","page","type-page","status-publish","hentry"],"_links":{"self":[{"href":"https:\/\/www.ceccan.com.mx\/en\/wp-json\/wp\/v2\/pages\/2665","targetHints":{"allow":["GET"]}}],"collection":[{"href":"https:\/\/www.ceccan.com.mx\/en\/wp-json\/wp\/v2\/pages"}],"about":[{"href":"https:\/\/www.ceccan.com.mx\/en\/wp-json\/wp\/v2\/types\/page"}],"author":[{"embeddable":true,"href":"https:\/\/www.ceccan.com.mx\/en\/wp-json\/wp\/v2\/users\/1"}],"replies":[{"embeddable":true,"href":"https:\/\/www.ceccan.com.mx\/en\/wp-json\/wp\/v2\/comments?post=2665"}],"version-history":[{"count":5,"href":"https:\/\/www.ceccan.com.mx\/en\/wp-json\/wp\/v2\/pages\/2665\/revisions"}],"predecessor-version":[{"id":2670,"href":"https:\/\/www.ceccan.com.mx\/en\/wp-json\/wp\/v2\/pages\/2665\/revisions\/2670"}],"wp:attachment":[{"href":"https:\/\/www.ceccan.com.mx\/en\/wp-json\/wp\/v2\/media?parent=2665"}],"curies":[{"name":"wp","href":"https:\/\/api.w.org\/{rel}","templated":true}]}}