{"id":2677,"date":"2026-03-26T20:40:21","date_gmt":"2026-03-26T20:40:21","guid":{"rendered":"https:\/\/www.ceccan.com.mx\/?page_id=2677"},"modified":"2026-03-26T20:43:31","modified_gmt":"2026-03-26T20:43:31","slug":"gracias","status":"publish","type":"page","link":"https:\/\/www.ceccan.com.mx\/en\/gracias\/","title":{"rendered":"Gracias"},"content":{"rendered":"<div data-elementor-type=\"wp-page\" data-elementor-id=\"2677\" class=\"elementor elementor-2677\" data-elementor-post-type=\"page\">\n\t\t\t\t<div class=\"elementor-element elementor-element-6f3773d e-flex e-con-boxed e-con e-parent\" data-id=\"6f3773d\" data-element_type=\"container\" data-e-type=\"container\">\n\t\t\t\t\t<div class=\"e-con-inner\">\n\t\t<div class=\"elementor-element elementor-element-cf4ece4 e-con-full e-flex elementor-invisible e-con e-child\" data-id=\"cf4ece4\" data-element_type=\"container\" data-e-type=\"container\" data-settings=\"{&quot;animation&quot;:&quot;bounceIn&quot;}\">\n\t\t\t\t<div class=\"elementor-element elementor-element-b8c8539 elementor-widget-mobile__width-initial elementor-widget elementor-widget-heading\" data-id=\"b8c8539\" data-element_type=\"widget\" data-e-type=\"widget\" data-widget_type=\"heading.default\">\n\t\t\t\t<div class=\"elementor-widget-container\">\n\t\t\t\t\t<h2 class=\"elementor-heading-title elementor-size-default\">\u00a1 Gracias !<\/h2>\t\t\t\t<\/div>\n\t\t\t\t<\/div>\n\t\t\t\t<div class=\"elementor-element elementor-element-e9d634e elementor-widget-mobile__width-initial elementor-widget elementor-widget-heading\" data-id=\"e9d634e\" data-element_type=\"widget\" data-e-type=\"widget\" data-widget_type=\"heading.default\">\n\t\t\t\t<div class=\"elementor-widget-container\">\n\t\t\t\t\t<h2 class=\"elementor-heading-title elementor-size-default\">Tailored PVC Compounds, Engineered for Excellence.<\/h2>\t\t\t\t<\/div>\n\t\t\t\t<\/div>\n\t\t\t\t<\/div>\n\t\t<div class=\"elementor-element elementor-element-3c04db3 e-con-full e-flex elementor-invisible e-con e-child\" data-id=\"3c04db3\" data-element_type=\"container\" data-e-type=\"container\" data-settings=\"{&quot;animation&quot;:&quot;bounceIn&quot;}\">\n\t\t\t\t<div class=\"elementor-element elementor-element-3b2314f e-transform elementor-widget elementor-widget-image\" data-id=\"3b2314f\" data-element_type=\"widget\" data-e-type=\"widget\" data-settings=\"{&quot;_transform_scale_effect&quot;:{&quot;unit&quot;:&quot;px&quot;,&quot;size&quot;:1.4,&quot;sizes&quot;:[]},&quot;_transform_scale_effect_tablet&quot;:{&quot;unit&quot;:&quot;px&quot;,&quot;size&quot;:2,&quot;sizes&quot;:[]},&quot;_transform_scale_effect_mobile&quot;:{&quot;unit&quot;:&quot;px&quot;,&quot;size&quot;:1,&quot;sizes&quot;:[]}}\" data-widget_type=\"image.default\">\n\t\t\t\t<div class=\"elementor-widget-container\">\n\t\t\t\t\t\t\t\t\t\t\t\t\t\t\t<img fetchpriority=\"high\" decoding=\"async\" width=\"487\" height=\"543\" src=\"https:\/\/www.ceccan.com.mx\/wp-content\/uploads\/2024\/10\/video-home.gif\" class=\"attachment-full size-full wp-image-2237\" alt=\"\" \/>\t\t\t\t\t\t\t\t\t\t\t\t\t\t\t<\/div>\n\t\t\t\t<\/div>\n\t\t\t\t<\/div>\n\t\t\t\t\t<\/div>\n\t\t\t\t<\/div>\n\t\t<div class=\"elementor-element elementor-element-0914fd5 e-flex e-con-boxed e-con e-parent\" data-id=\"0914fd5\" data-element_type=\"container\" data-e-type=\"container\">\n\t\t\t\t\t<div class=\"e-con-inner\">\n\t\t<div class=\"elementor-element elementor-element-832a0c5 e-con-full e-flex e-con e-child\" data-id=\"832a0c5\" data-element_type=\"container\" data-e-type=\"container\">\n\t\t\t\t<div class=\"elementor-element elementor-element-b3eea26 animated-slow elementor-invisible elementor-widget elementor-widget-image\" data-id=\"b3eea26\" data-element_type=\"widget\" data-e-type=\"widget\" data-settings=\"{&quot;_animation&quot;:&quot;fadeInLeft&quot;}\" data-widget_type=\"image.default\">\n\t\t\t\t<div class=\"elementor-widget-container\">\n\t\t\t\t\t\t\t\t\t\t\t\t\t\t\t<img decoding=\"async\" width=\"1284\" height=\"1279\" src=\"https:\/\/www.ceccan.com.mx\/wp-content\/uploads\/2024\/09\/iso-9001.png\" class=\"attachment-full size-full wp-image-1446\" alt=\"\" srcset=\"https:\/\/www.ceccan.com.mx\/wp-content\/uploads\/2024\/09\/iso-9001.png 1284w, https:\/\/www.ceccan.com.mx\/wp-content\/uploads\/2024\/09\/iso-9001-640x638.png 640w, https:\/\/www.ceccan.com.mx\/wp-content\/uploads\/2024\/09\/iso-9001-1280x1275.png 1280w, https:\/\/www.ceccan.com.mx\/wp-content\/uploads\/2024\/09\/iso-9001-160x160.png 160w, https:\/\/www.ceccan.com.mx\/wp-content\/uploads\/2024\/09\/iso-9001-768x765.png 768w\" sizes=\"(max-width: 1284px) 100vw, 1284px\" \/>\t\t\t\t\t\t\t\t\t\t\t\t\t\t\t<\/div>\n\t\t\t\t<\/div>\n\t\t\t\t<\/div>\n\t\t<div class=\"elementor-element elementor-element-ccae4a8 e-con-full e-flex e-con e-child\" data-id=\"ccae4a8\" data-element_type=\"container\" data-e-type=\"container\">\n\t\t<div class=\"elementor-element elementor-element-832bb83 e-con-full e-flex e-con e-child\" data-id=\"832bb83\" data-element_type=\"container\" data-e-type=\"container\">\n\t\t\t\t<div class=\"elementor-element elementor-element-ea3e575 elementor-widget elementor-widget-heading\" data-id=\"ea3e575\" data-element_type=\"widget\" data-e-type=\"widget\" data-widget_type=\"heading.default\">\n\t\t\t\t<div class=\"elementor-widget-container\">\n\t\t\t\t\t<h2 class=\"elementor-heading-title elementor-size-default\">CERTIFICATIONS<\/h2>\t\t\t\t<\/div>\n\t\t\t\t<\/div>\n\t\t\t\t<div class=\"elementor-element elementor-element-6738b21 elementor-widget elementor-widget-heading\" data-id=\"6738b21\" data-element_type=\"widget\" data-e-type=\"widget\" data-widget_type=\"heading.default\">\n\t\t\t\t<div class=\"elementor-widget-container\">\n\t\t\t\t\t<h2 class=\"elementor-heading-title elementor-size-default\">CERTIFICATIONS<\/h2>\t\t\t\t<\/div>\n\t\t\t\t<\/div>\n\t\t\t\t<\/div>\n\t\t\t\t<div class=\"elementor-element elementor-element-aa79bba elementor-widget elementor-widget-spacer\" data-id=\"aa79bba\" data-element_type=\"widget\" data-e-type=\"widget\" data-widget_type=\"spacer.default\">\n\t\t\t\t<div class=\"elementor-widget-container\">\n\t\t\t\t\t\t\t<div class=\"elementor-spacer\">\n\t\t\t<div class=\"elementor-spacer-inner\"><\/div>\n\t\t<\/div>\n\t\t\t\t\t\t<\/div>\n\t\t\t\t<\/div>\n\t\t\t\t<div class=\"elementor-element elementor-element-a75e321 elementor-widget__width-initial animated-slow elementor-invisible elementor-widget elementor-widget-text-editor\" data-id=\"a75e321\" data-element_type=\"widget\" data-e-type=\"widget\" data-settings=\"{&quot;_animation&quot;:&quot;fadeInRight&quot;}\" data-widget_type=\"text-editor.default\">\n\t\t\t\t<div class=\"elementor-widget-container\">\n\t\t\t\t\t\t\t\t\t<p class=\"translation-block\">Certified under ISO 9001:2015 standards, our company implements a <b>top-tier quality control system<\/b> that ensures <b>traceability and excellence<\/b> at every stage of our operations, from the receipt of raw materials to the delivery of the final product.<\/p>\t\t\t\t\t\t\t\t<\/div>\n\t\t\t\t<\/div>\n\t\t\t\t<\/div>\n\t\t\t\t\t<\/div>\n\t\t\t\t<\/div>\n\t\t<div class=\"elementor-element elementor-element-c216f18 e-flex e-con-boxed e-con e-parent\" data-id=\"c216f18\" data-element_type=\"container\" data-e-type=\"container\">\n\t\t\t\t\t<div class=\"e-con-inner\">\n\t\t\t\t<div class=\"elementor-element elementor-element-b550652 elementor-widget elementor-widget-html\" data-id=\"b550652\" data-element_type=\"widget\" data-e-type=\"widget\" data-widget_type=\"html.default\">\n\t\t\t\t<div class=\"elementor-widget-container\">\n\t\t\t\t\t\t\t<meta http-equiv=\"refresh\" content=\"10; url=https:\/\/ceccan.com.mx\">\r\n\t\tPlease wait while you are redirected...or <a href=\"https:\/\/www.ceccan.com.mx\/en\/\">Click Here<\/a> if you do not want to wait.\r\n\t\t\t\t<\/div>\n\t\t\t\t<\/div>\n\t\t\t\t\t<\/div>\n\t\t\t\t<\/div>\n\t\t\t\t<\/div>","protected":false},"excerpt":{"rendered":"<p>\u00a1 Gracias ! Tu visi\u00f3n, nuestra precisi\u00f3n CERTIFICACIONES CERTIFICACIONES Certificados bajo los est\u00e1ndares ISO 9001:2015, en nuestra empresa implementamos un sistema de control de calidad de primer nivel que garantiza la trazabilidad y la excelencia en cada etapa de nuestras operaciones, desde la recepci\u00f3n de materias primas hasta la entrega del producto final.<\/p>","protected":false},"author":1,"featured_media":0,"parent":0,"menu_order":0,"comment_status":"closed","ping_status":"closed","template":"elementor_header_footer","meta":{"footnotes":""},"class_list":["post-2677","page","type-page","status-publish","hentry"],"_links":{"self":[{"href":"https:\/\/www.ceccan.com.mx\/en\/wp-json\/wp\/v2\/pages\/2677","targetHints":{"allow":["GET"]}}],"collection":[{"href":"https:\/\/www.ceccan.com.mx\/en\/wp-json\/wp\/v2\/pages"}],"about":[{"href":"https:\/\/www.ceccan.com.mx\/en\/wp-json\/wp\/v2\/types\/page"}],"author":[{"embeddable":true,"href":"https:\/\/www.ceccan.com.mx\/en\/wp-json\/wp\/v2\/users\/1"}],"replies":[{"embeddable":true,"href":"https:\/\/www.ceccan.com.mx\/en\/wp-json\/wp\/v2\/comments?post=2677"}],"version-history":[{"count":7,"href":"https:\/\/www.ceccan.com.mx\/en\/wp-json\/wp\/v2\/pages\/2677\/revisions"}],"predecessor-version":[{"id":2688,"href":"https:\/\/www.ceccan.com.mx\/en\/wp-json\/wp\/v2\/pages\/2677\/revisions\/2688"}],"wp:attachment":[{"href":"https:\/\/www.ceccan.com.mx\/en\/wp-json\/wp\/v2\/media?parent=2677"}],"curies":[{"name":"wp","href":"https:\/\/api.w.org\/{rel}","templated":true}]}}